{"id":663,"date":"2025-02-08T21:41:26","date_gmt":"2025-02-08T20:41:26","guid":{"rendered":"https:\/\/aktier.live\/?page_id=663"},"modified":"2025-02-08T21:46:34","modified_gmt":"2025-02-08T20:46:34","slug":"persondatapolitik","status":"publish","type":"page","link":"https:\/\/aktier.live\/en\/persondatapolitik\/","title":{"rendered":"Privacy policy"},"content":{"rendered":"<div data-elementor-type=\"wp-page\" data-elementor-id=\"663\" class=\"elementor elementor-663\" data-elementor-post-type=\"page\">\n\t\t\t\t<div class=\"elementor-element elementor-element-c25dffa e-flex e-con-boxed e-con e-parent\" data-id=\"c25dffa\" data-element_type=\"container\" data-e-type=\"container\" data-settings=\"{&quot;jet_parallax_layout_list&quot;:[]}\">\n\t\t\t\t\t<div class=\"e-con-inner\">\n\t\t<div class=\"elementor-element elementor-element-66458ff e-con-full e-flex e-con e-child\" data-id=\"66458ff\" data-element_type=\"container\" data-e-type=\"container\" data-settings=\"{&quot;jet_parallax_layout_list&quot;:[]}\">\n\t\t<div class=\"elementor-element elementor-element-6686f18 e-con-full e-flex e-con e-child\" data-id=\"6686f18\" data-element_type=\"container\" data-e-type=\"container\" data-settings=\"{&quot;jet_parallax_layout_list&quot;:[]}\">\n\t\t\t\t<div class=\"elementor-element elementor-element-3f49dc7 animated-slow elementor-widget__width-initial elementor-widget-mobile__width-inherit elementor-invisible elementor-widget elementor-widget-heading\" data-id=\"3f49dc7\" data-element_type=\"widget\" data-e-type=\"widget\" data-settings=\"{&quot;_animation&quot;:&quot;fadeInUp&quot;,&quot;_animation_delay&quot;:0}\" data-widget_type=\"heading.default\">\n\t\t\t\t<div class=\"elementor-widget-container\">\n\t\t\t\t\t<h1 class=\"elementor-heading-title elementor-size-default\">Privacy policy<\/h1>\t\t\t\t<\/div>\n\t\t\t\t<\/div>\n\t\t\t\t<div class=\"elementor-element elementor-element-071b203 elementor-widget elementor-widget-hfe-breadcrumbs-widget\" data-id=\"071b203\" data-element_type=\"widget\" data-e-type=\"widget\" data-widget_type=\"hfe-breadcrumbs-widget.default\">\n\t\t\t\t<div class=\"elementor-widget-container\">\n\t\t\t\t\t<nav aria-label=\"Breadcrumb\"><ul class=\"hfe-breadcrumbs hfe-breadcrumbs-show-home\"><li class=\"hfe-breadcrumbs-item hfe-breadcrumbs-first\"><span class=\"hfe-breadcrumbs-home-icon\"><\/span><a href=\"https:\/\/aktier.live\/en\"><span class=\"hfe-breadcrumbs-text\">Your home<\/span><\/a><\/li><\/ul><\/nav>\t\t\t\t<\/div>\n\t\t\t\t<\/div>\n\t\t\t\t<\/div>\n\t\t\t\t<div class=\"elementor-element elementor-element-ea6108c elementor-widget elementor-widget-text-editor\" data-id=\"ea6108c\" data-element_type=\"widget\" data-e-type=\"widget\" data-widget_type=\"text-editor.default\">\n\t\t\t\t<div class=\"elementor-widget-container\">\n\t\t\t\t\t\t\t\t\t<p>Vi indhenter kun persondata i de tilf\u00e6lde, hvor dette skulle v\u00e6re relevant for os, og vi vil kun indhente persondata, hvis det er relevant for din aktivitet hos os.<\/p><p>Ved indsamling, behandling og anvendelse af dine persondata overholder vi altid alle relevante lovbestemmelser.<\/p><p>Vi vil kun opbevare dine persondata, s\u00e5 l\u00e6nge vi enten er p\u00e5lagt en juridisk forpligtelse hertil, eller s\u00e5 l\u00e6nge det er relevant for den hensigt, hvormed de blev indsamlet.<\/p><h6>Oplysninger vi indsamler<\/h6><p>Vi kan indhente oplysninger som f.eks. navn, e-mailadresse, hvis du kontakter os igennem vores kontaktformular.<\/p><p>Vi indsamler og behandler dine persondata, n\u00e5r du foretager dig f\u00f8lgende:<\/p><p>\u2013 Bes\u00f8ger vores hjemmeside<\/p><p>\u2013 Tilmelder dig vores nyhedsbrev<\/p><p>\u2013 Sender os sp\u00f8rgsm\u00e5l igennem vores formular<\/p><h6>Den dataansvarlige<\/h6><p>Den dataansvarlige for indsamling, behandling og anvendelse af dine personoplysninger p\u00e5 www.aktier.live er:<br \/>Aktier Live<\/p><h6>Behandlingsgrundlag og form\u00e5l<\/h6><p>Hvis du under registreringsprocessen eller p\u00e5 vores hjemmeside har givet os dit samtykke hertil, bruger vi din e-mailadresse til udsendelse af et nyhedsbrev. Du kan til enhver tid til- og afmelde dig nyhedsbrevet. Alle nyhedsbreve indeholder ogs\u00e5 et link til afmelding. Hvis behandling af persondata er baseret p\u00e5 dit samtykke, har du til enhver tid ret til at tilbagekalde samtykket.<\/p><p>Dine oplysninger (undtagen din e-mailadresse, hvis du har givet samtykke til behandling heraf med henblik p\u00e5 modtagelse af tilbud) vil blive slettet efter 2 \u00e5r.<\/p><h6>Andre modtagere af personoplysninger<\/h6><p>Vi s\u00e6lger ikke dine persondata til tredjemand, og vi overf\u00f8rer ikke dine persondata til tredjelande.<\/p><p>Vi har vores hjemmeside hos Hostinger, som fungerer som vores databehandler. Alle persondata som du oplyser p\u00e5 vores hjemmeside vil blive opbevaret i Hostinger\u2019s datacentre.<\/p><p>Vi anvender eksterne virksomheder som leverand\u00f8rer for at levere vores ydelser bedst muligt. Disse eksterne leverand\u00f8rer er databehandlere og behandler i visse tilf\u00e6lde personoplysninger i forbindelse med deres levering af ydelser til os. Vores databehandlere behandler kun personoplysninger efter vores instruks og i overensstemmelse med lovgivningens krav til databehandlere.<\/p><p>Vi har indg\u00e5et databehandleraftaler med vores databehandlere, hvilket er vores garanti for, at de overholder g\u00e6ldende regler om beskyttelse af dine personoplysninger.<\/p><h6>Dine rettigheder<\/h6><p>Som den registrerede har du en r\u00e6kke rettigheder, som vi til enhver tid skal sikre opfyldelse af. Du har ret til at anmode os om f\u00f8lgende:<br \/>\u2022 At f\u00e5 adgang til og f\u00e5 rettet\/\u00e6ndret dine persondata<br \/>\u2022 At f\u00e5 slettet persondata<\/p><p>Du har derudover ret til at protestere over behandlingen af dine personlige data, og du har ret til at indgive klage til en databeskyttelsesmyndighed.<\/p><p>\u00d8nsker du ikke l\u00e6ngere, at vi skal behandle dine personoplysninger, eller at vi skal begr\u00e6nse behandlingen af dine personoplysninger, kan du ogs\u00e5 sende os en anmodning herom til vores e-mailadresse:\u00a0<a href=\"mailto:info@aktier.live\">info@aktier.live<\/a><\/p>\t\t\t\t\t\t\t\t<\/div>\n\t\t\t\t<\/div>\n\t\t\t\t<\/div>\n\t\t\t\t\t<\/div>\n\t\t\t\t<\/div>\n\t\t\t\t<\/div>","protected":false},"excerpt":{"rendered":"<p>Hjem Vi indhenter kun persondata i de tilf\u00e6lde, hvor dette skulle v\u00e6re relevant for os, og vi vil kun indhente persondata, hvis det er relevant for din aktivitet hos os. Ved indsamling, behandling og anvendelse af dine persondata overholder vi altid alle relevante lovbestemmelser. Vi vil kun opbevare dine persondata, s\u00e5 l\u00e6nge vi enten er [&hellip;]<\/p>","protected":false},"author":1,"featured_media":0,"parent":0,"menu_order":0,"comment_status":"closed","ping_status":"closed","template":"","meta":{"footnotes":""},"class_list":["post-663","page","type-page","status-publish","hentry"],"_links":{"self":[{"href":"https:\/\/aktier.live\/en\/wp-json\/wp\/v2\/pages\/663","targetHints":{"allow":["GET"]}}],"collection":[{"href":"https:\/\/aktier.live\/en\/wp-json\/wp\/v2\/pages"}],"about":[{"href":"https:\/\/aktier.live\/en\/wp-json\/wp\/v2\/types\/page"}],"author":[{"embeddable":true,"href":"https:\/\/aktier.live\/en\/wp-json\/wp\/v2\/users\/1"}],"replies":[{"embeddable":true,"href":"https:\/\/aktier.live\/en\/wp-json\/wp\/v2\/comments?post=663"}],"version-history":[{"count":7,"href":"https:\/\/aktier.live\/en\/wp-json\/wp\/v2\/pages\/663\/revisions"}],"predecessor-version":[{"id":670,"href":"https:\/\/aktier.live\/en\/wp-json\/wp\/v2\/pages\/663\/revisions\/670"}],"wp:attachment":[{"href":"https:\/\/aktier.live\/en\/wp-json\/wp\/v2\/media?parent=663"}],"curies":[{"name":"wp","href":"https:\/\/api.w.org\/{rel}","templated":true}]}}